{"id":16,"date":"2024-11-25T08:01:38","date_gmt":"2024-11-25T08:01:38","guid":{"rendered":"https:\/\/www.viko-bayern.de\/?page_id=16"},"modified":"2026-01-16T14:34:50","modified_gmt":"2026-01-16T13:34:50","slug":"impressum","status":"publish","type":"page","link":"https:\/\/www.viko-bayern.de\/?page_id=16","title":{"rendered":"Viko-Bayern.de"},"content":{"rendered":"\n<h2 class=\"wp-block-heading\">Impressum<\/h2>\n\n\n\n<p>Dies ist eine private Webseite ohne gewerbliches Interesse.<\/p>\n\n\n\n<p>Verantwortlich f\u00fcr Viko Bayern<\/p>\n\n\n\n<p>Margit Hillenmeyer<br>Steinheide 14&nbsp;<br>80995 M\u00fcnchen&nbsp;<\/p>\n\n\n\n<p>E-Mail: <a href=\"https:\/\/www.viko-bayern.de\/?page_id=42\" data-type=\"page\" data-id=\"42\">Bitte nutzen Sie das Kontaktformular<\/a><br><\/p>\n\n\n\n<p><strong>Datenschutz<\/strong><\/p>\n\n\n\n<p>Unsere Webseite kann in der Regel ohne Angabe personenbezogener Daten genutzt werden. Wenn personenbezogene Daten (wie Name, Adresse oder E-Mail) erhoben werden, erfolgt dies, soweit m\u00f6glich, stets auf freiwilliger Basis. Ihre Daten werden ohne Ihre ausdr\u00fcckliche Zustimmung nicht an Dritte weitergegeben. Wir weisen darauf hin, dass die Daten\u00fcbertragung im Internet (z.B. bei der Kommunikation per E-Mail) Sicherheitsl\u00fccken aufweisen kann. Ein l\u00fcckenloser Schutz der Daten vor dem Zugriff durch Dritte ist nicht m\u00f6glich. Der Nutzung von im Rahmen der Impressumspflicht ver\u00f6ffentlichten Kontaktdaten durch Dritte zur \u00dcbersendung von nicht ausdr\u00fccklich angeforderter Werbung und Informationsmaterialien wird hiermit ausdr\u00fccklich widersprochen. Die Betreiber dieser Seiten behalten sich rechtliche Schritte im Falle der unverlangten Zusendung von Werbeinformationen, etwa durch Spam-Mails, ausdr\u00fccklich vor.<\/p>\n\n\n\n<p><strong>Haftung f\u00fcr Inhalte<\/strong><\/p>\n\n\n\n<p>Die Inhalte unserer Seiten wurden mit gr\u00f6\u00dfter Sorgfalt erstellt. F\u00fcr die Richtigkeit, Vollst\u00e4ndigkeit und Aktualit\u00e4t der Inhalte k\u00f6nnen wir jedoch keine Gew\u00e4hr \u00fcbernehmen. Als Diensteanbieter sind wir gem\u00e4\u00df \u00a7 7 Abs.1 TMG f\u00fcr eigene Inhalte auf diesen Seiten nach den allgemeinen Gesetzen verantwortlich. Nach \u00a7\u00a7 8 bis 10 TMG sind wir als Diensteanbieter jedoch nicht verpflichtet, \u00fcbermittelte oder gespeicherte fremde Informationen zu \u00fcberwachen oder nach Umst\u00e4nden zu forschen, die auf eine rechtswidrige T\u00e4tigkeit hinweisen. Verpflichtungen zur Entfernung oder Sperrung der Nutzung von Informationen nach den allgemeinen Gesetzen bleiben hiervon unber\u00fchrt. Eine diesbez\u00fcgliche Haftung ist jedoch erst ab dem Zeitpunkt der Kenntnis einer konkreten Rechtsverletzung m\u00f6glich. Bei Bekanntwerden von entsprechenden Rechtsverletzungen werden wir diese Inhalte umgehend entfernen.<\/p>\n","protected":false},"excerpt":{"rendered":"<p>Impressum Dies ist eine private Webseite ohne gewerbliches Interesse. Verantwortlich f\u00fcr Viko Bayern Margit HillenmeyerSteinheide 14&nbsp;80995 M\u00fcnchen&nbsp; E-Mail: Bitte nutzen Sie das Kontaktformular Datenschutz Unsere Webseite kann in der Regel ohne Angabe personenbezogener Daten genutzt werden. Wenn personenbezogene Daten (wie Name, Adresse oder E-Mail) erhoben werden, erfolgt dies, soweit m\u00f6glich, stets auf freiwilliger Basis. Ihre [&hellip;]<\/p>\n","protected":false},"author":1,"featured_media":0,"parent":0,"menu_order":0,"comment_status":"closed","ping_status":"closed","template":"","meta":{"footnotes":""},"class_list":["post-16","page","type-page","status-publish","hentry"],"_links":{"self":[{"href":"https:\/\/www.viko-bayern.de\/index.php?rest_route=\/wp\/v2\/pages\/16","targetHints":{"allow":["GET"]}}],"collection":[{"href":"https:\/\/www.viko-bayern.de\/index.php?rest_route=\/wp\/v2\/pages"}],"about":[{"href":"https:\/\/www.viko-bayern.de\/index.php?rest_route=\/wp\/v2\/types\/page"}],"author":[{"embeddable":true,"href":"https:\/\/www.viko-bayern.de\/index.php?rest_route=\/wp\/v2\/users\/1"}],"replies":[{"embeddable":true,"href":"https:\/\/www.viko-bayern.de\/index.php?rest_route=%2Fwp%2Fv2%2Fcomments&post=16"}],"version-history":[{"count":4,"href":"https:\/\/www.viko-bayern.de\/index.php?rest_route=\/wp\/v2\/pages\/16\/revisions"}],"predecessor-version":[{"id":66,"href":"https:\/\/www.viko-bayern.de\/index.php?rest_route=\/wp\/v2\/pages\/16\/revisions\/66"}],"wp:attachment":[{"href":"https:\/\/www.viko-bayern.de\/index.php?rest_route=%2Fwp%2Fv2%2Fmedia&parent=16"}],"curies":[{"name":"wp","href":"https:\/\/api.w.org\/{rel}","templated":true}]}}